{"id":485,"date":"2021-06-30T14:22:41","date_gmt":"2021-06-30T17:22:41","guid":{"rendered":"http:\/\/oldgeorgianclub.com.ar\/?page_id=485"},"modified":"2025-10-14T14:57:59","modified_gmt":"2025-10-14T17:57:59","slug":"comision-directiva","status":"publish","type":"page","link":"https:\/\/oldgeorgianclub.com.ar\/index.php\/comision-directiva\/","title":{"rendered":"Comisi\u00f3n Directiva"},"content":{"rendered":"<p>[et_pb_section fb_built=&#8221;1&#8243; _builder_version=&#8221;4.9.7&#8243; _module_preset=&#8221;default&#8221; global_colors_info=&#8221;{}&#8221;][et_pb_row column_structure=&#8221;1_4,3_4&#8243; module_class=&#8221;nav-fixed&#8221; _builder_version=&#8221;4.14.2&#8243; _module_preset=&#8221;default&#8221; positioning=&#8221;fixed&#8221; vertical_offset=&#8221;103px&#8221; z_index=&#8221;999&#8243; width=&#8221;100%&#8221; max_width=&#8221;100%&#8221; custom_padding=&#8221;|||40px|false|false&#8221; global_colors_info=&#8221;{}&#8221;][et_pb_column type=&#8221;1_4&#8243; _builder_version=&#8221;4.9.7&#8243; _module_preset=&#8221;default&#8221; global_colors_info=&#8221;{}&#8221;][et_pb_accordion open_toggle_text_color=&#8221;#d40911&#8243; open_toggle_background_color=&#8221;RGBA(0,0,0,0)&#8221; closed_toggle_text_color=&#8221;rgba(0,59,75,0.76)&#8221; closed_toggle_background_color=&#8221;RGBA(0,0,0,0)&#8221; icon_color=&#8221;RGBA(0,0,0,0)&#8221; _builder_version=&#8221;4.9.7&#8243; _module_preset=&#8221;default&#8221; toggle_font=&#8221;Bebas Neue||||||||&#8221; toggle_font_size=&#8221;68px&#8221; closed_toggle_font=&#8221;Bebas Neue||||||||&#8221; closed_toggle_font_size=&#8221;42px&#8221; body_ul_type=&#8221;none&#8221; body_link_font=&#8221;Bebas Neue||||||||&#8221; body_link_text_color=&#8221;#003b4b&#8221; body_link_letter_spacing=&#8221;1px&#8221; body_ul_font=&#8221;Bebas Neue Light|||on|||||&#8221; body_ul_text_color=&#8221;#003b4b&#8221; body_ul_font_size=&#8221;27px&#8221; body_ul_line_height=&#8221;1.3em&#8221; custom_css_toggle=&#8221;margin:0 !important;&#8221; global_colors_info=&#8221;{}&#8221;][et_pb_accordion_item title=&#8221;Comisi\u00f3n Directiva&#8221; open=&#8221;on&#8221; open_toggle_text_color=&#8221;#d40911&#8243; _builder_version=&#8221;4.9.7&#8243; _module_preset=&#8221;default&#8221; border_width_all=&#8221;0px&#8221; global_colors_info=&#8221;{}&#8221; toggle_font=&#8221;Bebas Neue||||||||&#8221; toggle_font_size=&#8221;65px&#8221; closed_toggle_font=&#8221;Bebas Neue||||||||&#8221;]<\/p>\n<ul>\n<li><a href=\"#comisiondirectiva\">Comisi\u00f3n Directiva<\/a><\/li>\n<li><a href=\"#asesores\">Asesores<\/a><\/li>\n<\/ul>\n<p>[\/et_pb_accordion_item][\/et_pb_accordion][\/et_pb_column][et_pb_column type=&#8221;3_4&#8243; _builder_version=&#8221;4.9.7&#8243; _module_preset=&#8221;default&#8221; global_colors_info=&#8221;{}&#8221;][\/et_pb_column][\/et_pb_row][\/et_pb_section][et_pb_section fb_built=&#8221;1&#8243; module_id=&#8221;mission&#8221; module_class=&#8221;tienda ds-section&#8221; _builder_version=&#8221;4.9.10&#8243; _module_preset=&#8221;default&#8221; custom_margin=&#8221;0px||||false|false&#8221; custom_padding=&#8221;0px||||false|false&#8221; top_divider_color=&#8221;#FFFFFF&#8221; top_divider_flip=&#8221;horizontal&#8221; top_divider_arrangement=&#8221;above_content&#8221; global_colors_info=&#8221;{}&#8221;][et_pb_row disabled_on=&#8221;on|on|on&#8221; _builder_version=&#8221;4.9.7&#8243; _module_preset=&#8221;default&#8221; background_image=&#8221;https:\/\/oldgeorgianclub.com.ar\/wp-content\/uploads\/2021\/06\/e3b73d82-7efb-49a3-b0e4-35969aa8eef8.jpg&#8221; parallax=&#8221;on&#8221; max_width=&#8221;80%&#8221; min_height=&#8221;320px&#8221; height=&#8221;320px&#8221; custom_margin=&#8221;0px|||20%|false|false&#8221; custom_padding=&#8221;0px|5%|||false|false&#8221; disabled=&#8221;on&#8221; global_colors_info=&#8221;{}&#8221;][et_pb_column type=&#8221;4_4&#8243; _builder_version=&#8221;4.9.7&#8243; _module_preset=&#8221;default&#8221; global_colors_info=&#8221;{}&#8221;][\/et_pb_column][\/et_pb_row][et_pb_row column_structure=&#8221;1_2,1_2&#8243; module_id=&#8221;comisiondirectiva&#8221; _builder_version=&#8221;4.9.7&#8243; _module_preset=&#8221;default&#8221; max_width=&#8221;80%&#8221; custom_margin=&#8221;|||20%|false|false&#8221; custom_padding=&#8221;|5%|||false|false&#8221; global_colors_info=&#8221;{}&#8221;][et_pb_column type=&#8221;1_2&#8243; _builder_version=&#8221;4.9.7&#8243; _module_preset=&#8221;default&#8221; global_colors_info=&#8221;{}&#8221;][et_pb_text disabled_on=&#8221;on|on|on&#8221; _builder_version=&#8221;4.9.10&#8243; _module_preset=&#8221;default&#8221; header_font=&#8221;|||on|||||&#8221; header_2_font=&#8221;Bebas Neue|||on|||||&#8221; header_2_text_color=&#8221;#d40911&#8243; header_2_font_size=&#8221;59px&#8221; header_2_line_height=&#8221;0.8em&#8221; header_3_font=&#8221;Bebas Neue|||on|||||&#8221; header_3_text_color=&#8221;#c6c6c6&#8243; header_3_font_size=&#8221;43px&#8221; header_3_line_height=&#8221;0.7em&#8221; custom_margin=&#8221;0px||||false|false&#8221; custom_padding=&#8221;||0px||false|false&#8221; border_color_left=&#8221;#d40911&#8243; disabled=&#8221;on&#8221; global_colors_info=&#8221;{}&#8221;]<\/p>\n<h2>Comisi\u00f3n Directiva<\/h2>\n<p>[\/et_pb_text][et_pb_text _builder_version=&#8221;4.14.1&#8243; _module_preset=&#8221;default&#8221; header_font=&#8221;|||on|||||&#8221; header_2_font=&#8221;Bebas Neue|||on|||||&#8221; header_2_text_color=&#8221;#003b4b&#8221; header_2_font_size=&#8221;55px&#8221; header_2_line_height=&#8221;0.8em&#8221; header_3_font=&#8221;Bebas Neue|||on|||||&#8221; header_3_text_color=&#8221;#c6c6c6&#8243; header_3_font_size=&#8221;43px&#8221; header_3_line_height=&#8221;0.7em&#8221; custom_margin=&#8221;0px||||false|false&#8221; custom_padding=&#8221;7px||0px|20px|false|false&#8221; border_width_left=&#8221;10px&#8221; border_color_left=&#8221;#d40911&#8243; global_colors_info=&#8221;{}&#8221;]<\/p>\n<h2>Presidente<\/h2>\n<h3>MARIANO S\u00c1ENZ BRIONES<\/h3>\n<p>[\/et_pb_text][\/et_pb_column][et_pb_column type=&#8221;1_2&#8243; _builder_version=&#8221;4.9.7&#8243; _module_preset=&#8221;default&#8221; global_colors_info=&#8221;{}&#8221;][\/et_pb_column][\/et_pb_row][et_pb_row column_structure=&#8221;1_2,1_2&#8243; _builder_version=&#8221;4.9.7&#8243; _module_preset=&#8221;default&#8221; max_width=&#8221;80%&#8221; custom_margin=&#8221;|||20%|false|false&#8221; custom_padding=&#8221;|5%|||false|false&#8221; hover_enabled=&#8221;0&#8243; global_colors_info=&#8221;{}&#8221; sticky_enabled=&#8221;0&#8243;][et_pb_column type=&#8221;1_2&#8243; _builder_version=&#8221;4.9.7&#8243; _module_preset=&#8221;default&#8221; global_colors_info=&#8221;{}&#8221;][et_pb_text _builder_version=&#8221;4.14.1&#8243; _module_preset=&#8221;default&#8221; header_font=&#8221;|||on|||||&#8221; header_2_font=&#8221;Bebas Neue|||on|||||&#8221; header_2_text_color=&#8221;#003b4b&#8221; header_2_font_size=&#8221;55px&#8221; header_2_line_height=&#8221;0.8em&#8221; header_3_font=&#8221;Bebas Neue|||on|||||&#8221; header_3_text_color=&#8221;#c6c6c6&#8243; header_3_font_size=&#8221;43px&#8221; header_3_line_height=&#8221;0.7em&#8221; custom_margin=&#8221;0px||||false|false&#8221; custom_padding=&#8221;7px||0px|20px|false|false&#8221; border_width_left=&#8221;10px&#8221; border_color_left=&#8221;#d40911&#8243; global_colors_info=&#8221;{}&#8221;]<\/p>\n<h2>Vice Presidente\u00a0<\/h2>\n<h3>TOM\u00c1S LYONS<\/h3>\n<p>[\/et_pb_text][et_pb_text _builder_version=&#8221;4.9.7&#8243; _module_preset=&#8221;default&#8221; header_font=&#8221;|||on|||||&#8221; header_2_font=&#8221;Bebas Neue|||on|||||&#8221; header_2_text_color=&#8221;#003b4b&#8221; header_2_font_size=&#8221;55px&#8221; header_2_line_height=&#8221;0.8em&#8221; header_3_font=&#8221;Bebas Neue|||on|||||&#8221; header_3_text_color=&#8221;#c6c6c6&#8243; header_3_font_size=&#8221;43px&#8221; header_3_line_height=&#8221;0.7em&#8221; custom_margin=&#8221;0px||||false|false&#8221; custom_padding=&#8221;7px||0px|20px|false|false&#8221; border_width_left=&#8221;10px&#8221; border_color_left=&#8221;#d40911&#8243; global_colors_info=&#8221;{}&#8221;]<\/p>\n<h2>PRO Tesorero<\/h2>\n<h3>ANTONIO MACADAM<\/h3>\n<p>[\/et_pb_text][et_pb_text _builder_version=&#8221;4.9.7&#8243; _module_preset=&#8221;default&#8221; header_font=&#8221;|||on|||||&#8221; header_2_font=&#8221;Bebas Neue|||on|||||&#8221; header_2_text_color=&#8221;#003b4b&#8221; header_2_font_size=&#8221;55px&#8221; header_2_line_height=&#8221;0.8em&#8221; header_3_font=&#8221;Bebas Neue|||on|||||&#8221; header_3_text_color=&#8221;#c6c6c6&#8243; header_3_font_size=&#8221;43px&#8221; header_3_line_height=&#8221;0.7em&#8221; custom_margin=&#8221;0px||||false|false&#8221; custom_padding=&#8221;7px||0px|20px|false|false&#8221; border_width_left=&#8221;10px&#8221; border_color_left=&#8221;#d40911&#8243; global_colors_info=&#8221;{}&#8221;]<\/p>\n<h2>PRO Secretario<\/h2>\n<h3>aNDR\u00c9S PARODI<\/h3>\n<p>[\/et_pb_text][et_pb_text _builder_version=&#8221;4.14.2&#8243; _module_preset=&#8221;default&#8221; header_font=&#8221;|||on|||||&#8221; header_2_font=&#8221;Bebas Neue|||on|||||&#8221; header_2_text_color=&#8221;#003b4b&#8221; header_2_font_size=&#8221;55px&#8221; header_2_line_height=&#8221;0.8em&#8221; header_3_font=&#8221;Bebas Neue|||on|||||&#8221; header_3_text_color=&#8221;#c6c6c6&#8243; header_3_font_size=&#8221;43px&#8221; header_3_line_height=&#8221;0.7em&#8221; custom_margin=&#8221;0px||||false|false&#8221; custom_padding=&#8221;7px||0px|20px|false|false&#8221; hover_enabled=&#8221;0&#8243; border_width_left=&#8221;10px&#8221; border_color_left=&#8221;#d40911&#8243; global_colors_info=&#8221;{}&#8221; sticky_enabled=&#8221;0&#8243;]<\/p>\n<h2>VOCAL TITULAR<\/h2>\n<h3>Stanley Nash<\/h3>\n<p>[\/et_pb_text][et_pb_text _builder_version=&#8221;4.14.1&#8243; _module_preset=&#8221;default&#8221; header_font=&#8221;|||on|||||&#8221; header_2_font=&#8221;Bebas Neue|||on|||||&#8221; header_2_text_color=&#8221;#003b4b&#8221; header_2_font_size=&#8221;55px&#8221; header_2_line_height=&#8221;0.8em&#8221; header_3_font=&#8221;Bebas Neue|||on|||||&#8221; header_3_text_color=&#8221;#c6c6c6&#8243; header_3_font_size=&#8221;43px&#8221; header_3_line_height=&#8221;0.7em&#8221; custom_margin=&#8221;0px||||false|false&#8221; custom_padding=&#8221;7px||0px|20px|false|false&#8221; border_width_left=&#8221;10px&#8221; border_color_left=&#8221;#d40911&#8243; global_colors_info=&#8221;{}&#8221;]<\/p>\n<h2>Vocal Titular<\/h2>\n<h3>gustavo giugale\u00a0<\/h3>\n<p>[\/et_pb_text][et_pb_text _builder_version=&#8221;4.9.7&#8243; _module_preset=&#8221;default&#8221; header_font=&#8221;|||on|||||&#8221; header_2_font=&#8221;Bebas Neue|||on|||||&#8221; header_2_text_color=&#8221;#003b4b&#8221; header_2_font_size=&#8221;55px&#8221; header_2_line_height=&#8221;0.8em&#8221; header_3_font=&#8221;Bebas Neue|||on|||||&#8221; header_3_text_color=&#8221;#c6c6c6&#8243; header_3_font_size=&#8221;43px&#8221; header_3_line_height=&#8221;0.7em&#8221; custom_margin=&#8221;0px||||false|false&#8221; custom_padding=&#8221;7px||0px|20px|false|false&#8221; border_width_left=&#8221;10px&#8221; border_color_left=&#8221;#d40911&#8243; global_colors_info=&#8221;{}&#8221;]<\/p>\n<h2>Vocal Titular<\/h2>\n<h3>diego carbonero<\/h3>\n<p>[\/et_pb_text][et_pb_text _builder_version=&#8221;4.14.1&#8243; _module_preset=&#8221;default&#8221; header_font=&#8221;|||on|||||&#8221; header_2_font=&#8221;Bebas Neue|||on|||||&#8221; header_2_text_color=&#8221;#003b4b&#8221; header_2_font_size=&#8221;55px&#8221; header_2_line_height=&#8221;0.8em&#8221; header_3_font=&#8221;Bebas Neue|||on|||||&#8221; header_3_text_color=&#8221;#c6c6c6&#8243; header_3_font_size=&#8221;43px&#8221; header_3_line_height=&#8221;0.7em&#8221; custom_margin=&#8221;0px||||false|false&#8221; custom_padding=&#8221;7px||0px|20px|false|false&#8221; border_width_left=&#8221;10px&#8221; border_color_left=&#8221;#d40911&#8243; global_colors_info=&#8221;{}&#8221;]<\/p>\n<h2>Vocal suplente<\/h2>\n<h3>jorge s\u00e1nchez posleman\u00a0<\/h3>\n<p>[\/et_pb_text][et_pb_text _builder_version=&#8221;4.14.1&#8243; _module_preset=&#8221;default&#8221; header_font=&#8221;|||on|||||&#8221; header_2_font=&#8221;Bebas Neue|||on|||||&#8221; header_2_text_color=&#8221;#003b4b&#8221; header_2_font_size=&#8221;55px&#8221; header_2_line_height=&#8221;0.8em&#8221; header_3_font=&#8221;Bebas Neue|||on|||||&#8221; header_3_text_color=&#8221;#c6c6c6&#8243; header_3_font_size=&#8221;43px&#8221; header_3_line_height=&#8221;0.7em&#8221; custom_margin=&#8221;0px||||false|false&#8221; custom_padding=&#8221;7px||0px|20px|false|false&#8221; border_width_left=&#8221;10px&#8221; border_color_left=&#8221;#d40911&#8243; global_colors_info=&#8221;{}&#8221;]<\/p>\n<h2>Vocal suplente<\/h2>\n<h3>robert watson<\/h3>\n<p>[\/et_pb_text][\/et_pb_column][et_pb_column type=&#8221;1_2&#8243; _builder_version=&#8221;4.9.7&#8243; _module_preset=&#8221;default&#8221; global_colors_info=&#8221;{}&#8221;][et_pb_text _builder_version=&#8221;4.14.2&#8243; _module_preset=&#8221;default&#8221; header_font=&#8221;|||on|||||&#8221; header_2_font=&#8221;Bebas Neue|||on|||||&#8221; header_2_text_color=&#8221;#003b4b&#8221; header_2_font_size=&#8221;55px&#8221; header_2_line_height=&#8221;0.8em&#8221; header_3_font=&#8221;Bebas Neue|||on|||||&#8221; header_3_text_color=&#8221;#c6c6c6&#8243; header_3_font_size=&#8221;43px&#8221; header_3_line_height=&#8221;0.7em&#8221; custom_margin=&#8221;0px||||false|false&#8221; custom_padding=&#8221;7px||0px|20px|false|false&#8221; hover_enabled=&#8221;0&#8243; border_width_left=&#8221;10px&#8221; border_color_left=&#8221;#d40911&#8243; global_colors_info=&#8221;{}&#8221; sticky_enabled=&#8221;0&#8243;]<\/p>\n<h2>Tesorero<\/h2>\n<h3>Justo Scherianz\u00a0 \u00a0<\/h3>\n<p>[\/et_pb_text][et_pb_text _builder_version=&#8221;4.9.7&#8243; _module_preset=&#8221;default&#8221; header_font=&#8221;|||on|||||&#8221; header_2_font=&#8221;Bebas Neue|||on|||||&#8221; header_2_text_color=&#8221;#003b4b&#8221; header_2_font_size=&#8221;55px&#8221; header_2_line_height=&#8221;0.8em&#8221; header_3_font=&#8221;Bebas Neue|||on|||||&#8221; header_3_text_color=&#8221;#c6c6c6&#8243; header_3_font_size=&#8221;43px&#8221; header_3_line_height=&#8221;0.7em&#8221; custom_margin=&#8221;0px||||false|false&#8221; custom_padding=&#8221;7px||0px|20px|false|false&#8221; border_width_left=&#8221;10px&#8221; border_color_left=&#8221;#d40911&#8243; global_colors_info=&#8221;{}&#8221;]<\/p>\n<h2>sECRETARIO<\/h2>\n<h3>bEL\u00c9N l\u00d3PEZ dE pAUL<\/h3>\n<p>[\/et_pb_text][et_pb_text _builder_version=&#8221;4.9.7&#8243; _module_preset=&#8221;default&#8221; header_font=&#8221;|||on|||||&#8221; header_2_font=&#8221;Bebas Neue|||on|||||&#8221; header_2_text_color=&#8221;#003b4b&#8221; header_2_font_size=&#8221;55px&#8221; header_2_line_height=&#8221;0.8em&#8221; header_3_font=&#8221;Bebas Neue|||on|||||&#8221; header_3_text_color=&#8221;#c6c6c6&#8243; header_3_font_size=&#8221;43px&#8221; header_3_line_height=&#8221;0.7em&#8221; custom_margin=&#8221;0px||||false|false&#8221; custom_padding=&#8221;7px||0px|20px|false|false&#8221; border_width_left=&#8221;10px&#8221; border_color_left=&#8221;#d40911&#8243; global_colors_info=&#8221;{}&#8221;]<\/p>\n<h2>VOCAL TITULAR<\/h2>\n<h3>JOHN LEES<\/h3>\n<p>[\/et_pb_text][et_pb_text _builder_version=&#8221;4.9.7&#8243; _module_preset=&#8221;default&#8221; header_font=&#8221;|||on|||||&#8221; header_2_font=&#8221;Bebas Neue|||on|||||&#8221; header_2_text_color=&#8221;#003b4b&#8221; header_2_font_size=&#8221;55px&#8221; header_2_line_height=&#8221;0.8em&#8221; header_3_font=&#8221;Bebas Neue|||on|||||&#8221; header_3_text_color=&#8221;#c6c6c6&#8243; header_3_font_size=&#8221;43px&#8221; header_3_line_height=&#8221;0.7em&#8221; custom_margin=&#8221;0px||||false|false&#8221; custom_padding=&#8221;7px||0px|20px|false|false&#8221; border_width_left=&#8221;10px&#8221; border_color_left=&#8221;#d40911&#8243; global_colors_info=&#8221;{}&#8221;]<\/p>\n<h2>vocal titular<\/h2>\n<h3>agustina estrada<\/h3>\n<p>[\/et_pb_text][et_pb_text _builder_version=&#8221;4.9.7&#8243; _module_preset=&#8221;default&#8221; header_font=&#8221;|||on|||||&#8221; header_2_font=&#8221;Bebas Neue|||on|||||&#8221; header_2_text_color=&#8221;#003b4b&#8221; header_2_font_size=&#8221;55px&#8221; header_2_line_height=&#8221;0.8em&#8221; header_3_font=&#8221;Bebas Neue|||on|||||&#8221; header_3_text_color=&#8221;#c6c6c6&#8243; header_3_font_size=&#8221;43px&#8221; header_3_line_height=&#8221;0.7em&#8221; custom_margin=&#8221;0px||||false|false&#8221; custom_padding=&#8221;7px||0px|20px|false|false&#8221; border_width_left=&#8221;10px&#8221; border_color_left=&#8221;#d40911&#8243; global_colors_info=&#8221;{}&#8221;]<\/p>\n<h2>Vocal titular<\/h2>\n<h3>diego bouchoux<\/h3>\n<p>[\/et_pb_text][et_pb_text _builder_version=&#8221;4.14.1&#8243; _module_preset=&#8221;default&#8221; header_font=&#8221;|||on|||||&#8221; header_2_font=&#8221;Bebas Neue|||on|||||&#8221; header_2_text_color=&#8221;#003b4b&#8221; header_2_font_size=&#8221;55px&#8221; header_2_line_height=&#8221;0.8em&#8221; header_3_font=&#8221;Bebas Neue|||on|||||&#8221; header_3_text_color=&#8221;#c6c6c6&#8243; header_3_font_size=&#8221;43px&#8221; header_3_line_height=&#8221;0.7em&#8221; custom_margin=&#8221;0px||||false|false&#8221; custom_padding=&#8221;7px||0px|20px|false|false&#8221; border_width_left=&#8221;10px&#8221; border_color_left=&#8221;#d40911&#8243; global_colors_info=&#8221;{}&#8221;]<\/p>\n<h2>Vocal TITULAR<\/h2>\n<h3>richard handley<\/h3>\n<p>[\/et_pb_text][et_pb_text _builder_version=&#8221;4.14.2&#8243; _module_preset=&#8221;default&#8221; header_font=&#8221;|||on|||||&#8221; header_2_font=&#8221;Bebas Neue|||on|||||&#8221; header_2_text_color=&#8221;#003b4b&#8221; header_2_font_size=&#8221;55px&#8221; header_2_line_height=&#8221;0.8em&#8221; header_3_font=&#8221;Bebas Neue|||on|||||&#8221; header_3_text_color=&#8221;#c6c6c6&#8243; header_3_font_size=&#8221;43px&#8221; header_3_line_height=&#8221;0.7em&#8221; custom_margin=&#8221;0px||||false|false&#8221; custom_padding=&#8221;7px||0px|20px|false|false&#8221; border_width_left=&#8221;10px&#8221; border_color_left=&#8221;#d40911&#8243; global_colors_info=&#8221;{}&#8221;]<\/p>\n<h2>Vocal suplente<\/h2>\n<h3>MAX ROLLER<\/h3>\n<p>[\/et_pb_text][et_pb_text _builder_version=&#8221;4.14.1&#8243; _module_preset=&#8221;default&#8221; header_font=&#8221;|||on|||||&#8221; header_2_font=&#8221;Bebas Neue|||on|||||&#8221; header_2_text_color=&#8221;#003b4b&#8221; header_2_font_size=&#8221;55px&#8221; header_2_line_height=&#8221;0.8em&#8221; header_3_font=&#8221;Bebas Neue|||on|||||&#8221; header_3_text_color=&#8221;#c6c6c6&#8243; header_3_font_size=&#8221;43px&#8221; header_3_line_height=&#8221;0.7em&#8221; custom_margin=&#8221;0px||||false|false&#8221; custom_padding=&#8221;7px||0px|20px|false|false&#8221; border_width_left=&#8221;10px&#8221; border_color_left=&#8221;#d40911&#8243; global_colors_info=&#8221;{}&#8221;]<\/p>\n<h2>Vocal suplente<\/h2>\n<h3>bruno angeletti<\/h3>\n<p>[\/et_pb_text][\/et_pb_column][\/et_pb_row][et_pb_row column_structure=&#8221;1_2,1_2&#8243; module_id=&#8221;asesores&#8221; _builder_version=&#8221;4.9.7&#8243; _module_preset=&#8221;default&#8221; max_width=&#8221;80%&#8221; custom_margin=&#8221;|||20%|false|false&#8221; custom_padding=&#8221;|5%|||false|false&#8221; global_colors_info=&#8221;{}&#8221;][et_pb_column type=&#8221;1_2&#8243; _builder_version=&#8221;4.9.7&#8243; _module_preset=&#8221;default&#8221; global_colors_info=&#8221;{}&#8221;][et_pb_text _builder_version=&#8221;4.9.7&#8243; _module_preset=&#8221;default&#8221; header_font=&#8221;|||on|||||&#8221; header_2_font=&#8221;Bebas Neue|||on|||||&#8221; header_2_text_color=&#8221;#d40911&#8243; header_2_font_size=&#8221;59px&#8221; header_2_line_height=&#8221;0.8em&#8221; header_3_font=&#8221;Bebas Neue|||on|||||&#8221; header_3_text_color=&#8221;#c6c6c6&#8243; header_3_font_size=&#8221;43px&#8221; header_3_line_height=&#8221;0.7em&#8221; custom_margin=&#8221;0px||||false|false&#8221; custom_padding=&#8221;||0px||false|false&#8221; hover_enabled=&#8221;0&#8243; border_color_left=&#8221;#d40911&#8243; global_colors_info=&#8221;{}&#8221; sticky_enabled=&#8221;0&#8243;][\/et_pb_text][\/et_pb_column][et_pb_column type=&#8221;1_2&#8243; _builder_version=&#8221;4.9.7&#8243; _module_preset=&#8221;default&#8221; global_colors_info=&#8221;{}&#8221;][\/et_pb_column][\/et_pb_row][\/et_pb_section][et_pb_section fb_built=&#8221;1&#8243; module_id=&#8221;vision&#8221; module_class=&#8221;tienda ds-section&#8221; _builder_version=&#8221;4.9.7&#8243; _module_preset=&#8221;default&#8221; custom_margin=&#8221;0px||||false|false&#8221; custom_padding=&#8221;0px||||false|false&#8221; top_divider_style=&#8221;slant2&#8243; top_divider_color=&#8221;#FFFFFF&#8221; top_divider_height=&#8221;63px&#8221; top_divider_arrangement=&#8221;above_content&#8221; global_colors_info=&#8221;{}&#8221;][\/et_pb_section][et_pb_section fb_built=&#8221;1&#8243; module_id=&#8221;history&#8221; module_class=&#8221;tienda ds-section&#8221; _builder_version=&#8221;4.9.7&#8243; _module_preset=&#8221;default&#8221; custom_margin=&#8221;0px||||false|false&#8221; custom_padding=&#8221;0px||||false|false&#8221; top_divider_style=&#8221;slant2&#8243; top_divider_color=&#8221;#FFFFFF&#8221; top_divider_flip=&#8221;horizontal&#8221; top_divider_arrangement=&#8221;above_content&#8221; global_colors_info=&#8221;{}&#8221;][\/et_pb_section]<\/p>\n","protected":false},"excerpt":{"rendered":"<p>Comisi\u00f3n Directiva Asesores Comisi\u00f3n DirectivaPresidente MARIANO S\u00c1ENZ BRIONESVice Presidente\u00a0 TOM\u00c1S LYONSPRO Tesorero ANTONIO MACADAMPRO Secretario aNDR\u00c9S PARODIVOCAL TITULAR Stanley NashVocal Titular gustavo giugale\u00a0Vocal Titular diego carboneroVocal suplente jorge s\u00e1nchez posleman\u00a0Vocal [&hellip;]<\/p>\n","protected":false},"author":1,"featured_media":0,"parent":0,"menu_order":0,"comment_status":"closed","ping_status":"closed","template":"","meta":{"_acf_changed":false,"_et_pb_use_builder":"on","_et_pb_old_content":"","_et_gb_content_width":"","footnotes":""},"class_list":["post-485","page","type-page","status-publish","hentry"],"acf":[],"_links":{"self":[{"href":"https:\/\/oldgeorgianclub.com.ar\/index.php\/wp-json\/wp\/v2\/pages\/485","targetHints":{"allow":["GET"]}}],"collection":[{"href":"https:\/\/oldgeorgianclub.com.ar\/index.php\/wp-json\/wp\/v2\/pages"}],"about":[{"href":"https:\/\/oldgeorgianclub.com.ar\/index.php\/wp-json\/wp\/v2\/types\/page"}],"author":[{"embeddable":true,"href":"https:\/\/oldgeorgianclub.com.ar\/index.php\/wp-json\/wp\/v2\/users\/1"}],"replies":[{"embeddable":true,"href":"https:\/\/oldgeorgianclub.com.ar\/index.php\/wp-json\/wp\/v2\/comments?post=485"}],"version-history":[{"count":4,"href":"https:\/\/oldgeorgianclub.com.ar\/index.php\/wp-json\/wp\/v2\/pages\/485\/revisions"}],"predecessor-version":[{"id":1969,"href":"https:\/\/oldgeorgianclub.com.ar\/index.php\/wp-json\/wp\/v2\/pages\/485\/revisions\/1969"}],"wp:attachment":[{"href":"https:\/\/oldgeorgianclub.com.ar\/index.php\/wp-json\/wp\/v2\/media?parent=485"}],"curies":[{"name":"wp","href":"https:\/\/api.w.org\/{rel}","templated":true}]}}